{"id":1707,"date":"2024-03-11T05:18:22","date_gmt":"2024-03-11T05:18:22","guid":{"rendered":"https:\/\/sayanibpo.com\/?page_id=1707"},"modified":"2025-04-29T06:39:00","modified_gmt":"2025-04-29T06:39:00","slug":"education","status":"publish","type":"page","link":"https:\/\/sayanibpo.com\/es\/education\/","title":{"rendered":"Educaci\u00f3n"},"content":{"rendered":"<section data-bb-version=\"4.9.1\" id=\"bt_bb_section69fb30a43285f\" class=\"bt_bb_section bt_bb_layout_wide bt_bb_vertical_align_bottom bt_bb_top_spacing_none bt_bb_bottom_spacing_none\" style=\";background-color:rgb(30,115,190);\" data-bt-override-class=\"{&quot;bt_bb_top_spacing_&quot;:{&quot;current_class&quot;:&quot;bt_bb_top_spacing_none&quot;,&quot;xxl&quot;:&quot;none&quot;},&quot;bt_bb_bottom_spacing_&quot;:{&quot;current_class&quot;:&quot;bt_bb_bottom_spacing_none&quot;,&quot;xxl&quot;:&quot;none&quot;}}\"><div class=\"bt_bb_background_image_holder_wrapper\"><div class=\"bt_bb_background_image_holder btLazyLoadBackground\"  data-background_image_src=\"https:\/\/sayanibpo.com\/wp-content\/uploads\/2024\/06\/fondo_azulC1-scaled.jpg\" data-parallax-zoom-start=\"1\" data-parallax-zoom-end=\"1\" data-parallax-blur-start=\"0\" data-parallax-blur-end=\"0\" data-parallax-opacity-start=\"1\" data-parallax-opacity-end=\"1\" style=\" background-image: url(&#039;https:\/\/sayanibpo.com\/wp-content\/plugins\/bold-page-builder\/img\/blank.gif&#039;);\"><\/div><\/div><div class=\"bt_bb_port\"><div class=\"bt_bb_cell\"><div class=\"bt_bb_cell_inner\"><div data-bb-version=\"4.9.1\" class=\"bt_bb_row_wrapper\"><div  class=\"bt_bb_row\"  data-bt-override-class=\"{}\"><div data-bb-version=\"4.9.1\"  class=\"bt_bb_column col-xxl-12 col-xl-12 col-xs-12 col-sm-12 col-md-12 col-lg-12 bt_bb_vertical_align_middle bt_bb_align_left bt_bb_padding_none\"  data-width=\"12\" data-bt-override-class=\"{&quot;bt_bb_align_&quot;:{&quot;current_class&quot;:&quot;bt_bb_align_left&quot;,&quot;xxl&quot;:&quot;left&quot;},&quot;bt_bb_padding_&quot;:{&quot;current_class&quot;:&quot;bt_bb_padding_none&quot;,&quot;xxl&quot;:&quot;none&quot;}}\"><div class=\"bt_bb_column_content\"><div class=\"bt_bb_column_content_inner\"><div class=\"bt_bb_shortcode\"><\/div><\/div><\/div><\/div><\/div><\/div><div data-bb-version=\"4.9.1\" class=\"bt_bb_row_wrapper\"><div  class=\"bt_bb_row\"  data-bt-override-class=\"{}\"><div data-bb-version=\"4.9.1\"  class=\"bt_bb_column col-xxl-12 col-xl-12 col-xs-12 col-sm-12 col-md-12 col-lg-12 bt_bb_vertical_align_top bt_bb_align_left bt_bb_padding_normal\"  data-width=\"12\" data-bt-override-class=\"{}\"><div class=\"bt_bb_column_content\"><div class=\"bt_bb_column_content_inner\"><\/div><\/div><\/div><\/div><\/div><\/div><!-- cell_inner --><\/div><!-- cell --><\/div><!-- port --><\/section><section data-bb-version=\"4.9.1\" id=\"bt_bb_section69fb30a432ab2\" class=\"bt_bb_section bt_bb_layout_boxed_1000 bt_bb_vertical_align_top bt_bb_top_spacing_60 bt_bb_bottom_spacing_none\"  data-bt-override-class=\"{&quot;bt_bb_top_spacing_&quot;:{&quot;current_class&quot;:&quot;bt_bb_top_spacing_60&quot;,&quot;xxl&quot;:&quot;60&quot;},&quot;bt_bb_bottom_spacing_&quot;:{&quot;current_class&quot;:&quot;bt_bb_bottom_spacing_none&quot;,&quot;xxl&quot;:&quot;none&quot;}}\"><div class=\"bt_bb_port\"><div class=\"bt_bb_cell\"><div class=\"bt_bb_cell_inner\"><div class=\"bt_bb_row_wrapper\"><div  class=\"bt_bb_row\"  data-bt-override-class=\"{}\"><div data-bb-version=\"4.9.1\"  class=\"bt_bb_column col-xxl-6 col-xl-6 col-xs-12 col-sm-6 col-md-6 col-lg-6 bt_bb_vertical_align_middle bt_bb_align_left bt_bb_padding_none\"  data-width=\"6\" data-bt-override-class=\"{&quot;bt_bb_align_&quot;:{&quot;current_class&quot;:&quot;bt_bb_align_left&quot;,&quot;xxl&quot;:&quot;left&quot;},&quot;bt_bb_padding_&quot;:{&quot;current_class&quot;:&quot;bt_bb_padding_none&quot;,&quot;xxl&quot;:&quot;none&quot;}}\"><div class=\"bt_bb_column_content\"><div class=\"bt_bb_column_content_inner\"><header data-bb-version=\"4.9.1\" class=\"bt_bb_headline bt_bb_subheadline_text_transform_default bt_bb_dash_none bt_bb_subheadline bt_bb_size_inherit bt_bb_align_inherit\" data-bt-override-class=\"{&quot;bt_bb_size_&quot;:{&quot;current_class&quot;:&quot;bt_bb_size_inherit&quot;,&quot;xxl&quot;:&quot;inherit&quot;},&quot;bt_bb_align_&quot;:{&quot;current_class&quot;:&quot;bt_bb_align_inherit&quot;,&quot;xxl&quot;:&quot;inherit&quot;}}\"><h2 class=\"bt_bb_headline_tag\"><span class=\"bt_bb_headline_content\"><span>AULA VIRTUAL<\/span><\/span><\/h2><div class=\"bt_bb_headline_subheadline\"><br \/>\r\nSayani Virtual Academy es una plataforma de aprendizaje en l\u00ednea que ofrece capacitaci\u00f3n en investigaci\u00f3n cl\u00ednica de manera remota, proporcionando acceso a una amplia gama de recursos educativos y herramientas interactivas.<br \/>\r\nSu flexibilidad y accesibilidad permiten a los participantes adaptar el aprendizaje a sus horarios y necesidades individuales, eliminando las barreras geogr\u00e1ficas y fomentando la colaboraci\u00f3n entre estudiantes y profesores. En resumen, es una herramienta eficaz y eficiente para adquirir los conocimientos y habilidades necesarios en un campo din\u00e1mico como la investigaci\u00f3n cl\u00ednica.<\/div><\/header><\/div><\/div><\/div><div data-bb-version=\"4.9.1\"  class=\"bt_bb_column col-xxl-6 col-xl-6 col-xs-12 col-sm-6 col-md-6 col-lg-6 bt_bb_vertical_align_middle bt_bb_align_left bt_bb_padding_none\"  data-width=\"6\" data-bt-override-class=\"{&quot;bt_bb_align_&quot;:{&quot;current_class&quot;:&quot;bt_bb_align_left&quot;,&quot;xxl&quot;:&quot;left&quot;},&quot;bt_bb_padding_&quot;:{&quot;current_class&quot;:&quot;bt_bb_padding_none&quot;,&quot;xxl&quot;:&quot;none&quot;}}\"><div class=\"bt_bb_column_content\"><div class=\"bt_bb_column_content_inner\"><div data-bb-version=\"4.9.1\" class=\"bt_bb_image bt_bb_shape_soft-rounded bt_bb_target_blank bt_bb_align_inherit bt_bb_hover_style_simple bt_bb_content_display_always bt_bb_content_align_middle\" data-bt-override-class=\"{&quot;bt_bb_align_&quot;:{&quot;current_class&quot;:&quot;bt_bb_align_inherit&quot;,&quot;xxl&quot;:&quot;inherit&quot;},&quot;bt_bb_content_display_&quot;:{&quot;current_class&quot;:&quot;bt_bb_content_display_always&quot;,&quot;xxl&quot;:&quot;always&quot;}}\"><a href=\"https:\/\/sayanibpo.com\/aula-virtual\/\"  target=\"_blank\" title=\"virtual\"><img loading=\"lazy\" decoding=\"async\" width=\"2560\" height=\"1707\" src=\"https:\/\/sayanibpo.com\/wp-content\/uploads\/2024\/06\/virtual-scaled.jpg\" class=\"attachment-full size-full\" alt=\"https:\/\/sayanibpo.com\/wp-content\/uploads\/2024\/06\/virtual-scaled.jpg\" data-full_image_src=\"https:\/\/sayanibpo.com\/wp-content\/uploads\/2024\/06\/virtual-scaled.jpg\" title=\"virtual\" srcset=\"https:\/\/sayanibpo.com\/wp-content\/uploads\/2024\/06\/virtual-scaled.jpg 2560w, https:\/\/sayanibpo.com\/wp-content\/uploads\/2024\/06\/virtual-300x200.jpg 300w, https:\/\/sayanibpo.com\/wp-content\/uploads\/2024\/06\/virtual-1024x683.jpg 1024w, https:\/\/sayanibpo.com\/wp-content\/uploads\/2024\/06\/virtual-768x512.jpg 768w, https:\/\/sayanibpo.com\/wp-content\/uploads\/2024\/06\/virtual-1536x1024.jpg 1536w, https:\/\/sayanibpo.com\/wp-content\/uploads\/2024\/06\/virtual-2048x1365.jpg 2048w, https:\/\/sayanibpo.com\/wp-content\/uploads\/2024\/06\/virtual-18x12.jpg 18w\" sizes=\"auto, (max-width: 2560px) 100vw, 2560px\" \/><\/a><\/div><\/div><\/div><\/div><\/div><\/div><div data-bb-version=\"4.9.1\" class=\"bt_bb_row_wrapper\"><div  class=\"bt_bb_row\"  data-bt-override-class=\"{}\"><div data-bb-version=\"4.9.1\"  class=\"bt_bb_column col-xxl-12 col-xl-12 col-xs-12 col-sm-12 col-md-12 col-lg-12 bt_bb_vertical_align_top bt_bb_align_left bt_bb_padding_normal\"  data-width=\"12\" data-bt-override-class=\"{}\"><div class=\"bt_bb_column_content\"><div class=\"bt_bb_column_content_inner\"><div data-bb-version=\"4.9.1\" class=\"bt_bb_separator_v2 bt_bb_border_style_none bt_bb_top_spacing_none bt_bb_bottom_spacing_medium bt_bb_border_thickness_1 bt_bb_icon_size_normal bt_bb_text_size_normal bt_bb_separator_v2_without_content\" data-bt-override-class=\"{&quot;bt_bb_top_spacing_&quot;:{&quot;current_class&quot;:&quot;bt_bb_top_spacing_none&quot;,&quot;xxl&quot;:&quot;none&quot;},&quot;bt_bb_bottom_spacing_&quot;:{&quot;current_class&quot;:&quot;bt_bb_bottom_spacing_medium&quot;,&quot;xxl&quot;:&quot;medium&quot;},&quot;bt_bb_border_thickness_&quot;:{&quot;current_class&quot;:&quot;bt_bb_border_thickness_1&quot;,&quot;xxl&quot;:&quot;1&quot;},&quot;bt_bb_icon_size_&quot;:{&quot;current_class&quot;:&quot;bt_bb_icon_size_normal&quot;,&quot;xxl&quot;:&quot;normal&quot;},&quot;bt_bb_text_size_&quot;:{&quot;current_class&quot;:&quot;bt_bb_text_size_normal&quot;,&quot;xxl&quot;:&quot;normal&quot;}}\"><div class=\"bt_bb_separator_v2_inner\"><span class=\"bt_bb_separator_v2_inner_before\"><\/span><span class=\"bt_bb_separator_v2_inner_content\"><span  data-ico-=\"\" class=\"bt_bb_icon_holder\"><\/span><\/span><span class=\"bt_bb_separator_v2_inner_after\"><\/span><\/div><\/div><div data-bb-version=\"4.9.1\" class=\"bt_bb_button bt_bb_color_scheme_3 bt_bb_icon_position_left bt_bb_style_filled bt_bb_size_normal bt_bb_width_inline bt_bb_shape_rounded bt_bb_target_blank bt_bb_text_transform_inherit bt_bb_align_center\" style=\"; --primary-color:#fff; --secondary-color:#01ADD3FF;\" data-bt-override-class=\"{&quot;bt_bb_size_&quot;:{&quot;current_class&quot;:&quot;bt_bb_size_normal&quot;,&quot;xxl&quot;:&quot;normal&quot;},&quot;bt_bb_align_&quot;:{&quot;current_class&quot;:&quot;bt_bb_align_center&quot;,&quot;xxl&quot;:&quot;center&quot;}}\"><a href=\"https:\/\/sayaniacademy.com\/\" target=\"_blank\" class=\"bt_bb_link\" title=\"Accede Ahora!\"><span class=\"bt_bb_button_text\" >Accede Ahora!<\/span><span  data-ico-fa=\"&#xf103;\" class=\"bt_bb_icon_holder\"><\/span><\/a><\/div><div data-bb-version=\"4.9.1\" class=\"bt_bb_separator_v2 bt_bb_border_style_none bt_bb_top_spacing_none bt_bb_bottom_spacing_medium bt_bb_border_thickness_1 bt_bb_icon_size_normal bt_bb_text_size_normal bt_bb_separator_v2_without_content\" data-bt-override-class=\"{&quot;bt_bb_top_spacing_&quot;:{&quot;current_class&quot;:&quot;bt_bb_top_spacing_none&quot;,&quot;xxl&quot;:&quot;none&quot;},&quot;bt_bb_bottom_spacing_&quot;:{&quot;current_class&quot;:&quot;bt_bb_bottom_spacing_medium&quot;,&quot;xxl&quot;:&quot;medium&quot;},&quot;bt_bb_border_thickness_&quot;:{&quot;current_class&quot;:&quot;bt_bb_border_thickness_1&quot;,&quot;xxl&quot;:&quot;1&quot;},&quot;bt_bb_icon_size_&quot;:{&quot;current_class&quot;:&quot;bt_bb_icon_size_normal&quot;,&quot;xxl&quot;:&quot;normal&quot;},&quot;bt_bb_text_size_&quot;:{&quot;current_class&quot;:&quot;bt_bb_text_size_normal&quot;,&quot;xxl&quot;:&quot;normal&quot;}}\"><div class=\"bt_bb_separator_v2_inner\"><span class=\"bt_bb_separator_v2_inner_before\"><\/span><span class=\"bt_bb_separator_v2_inner_content\"><span  data-ico-=\"\" class=\"bt_bb_icon_holder\"><\/span><\/span><span class=\"bt_bb_separator_v2_inner_after\"><\/span><\/div><\/div><\/div><\/div><\/div><\/div><\/div><\/div><!-- cell_inner --><\/div><!-- cell --><\/div><!-- port --><\/section>","protected":false},"excerpt":{"rendered":"","protected":false},"author":1,"featured_media":0,"parent":0,"menu_order":0,"comment_status":"closed","ping_status":"closed","template":"","meta":{"_uag_custom_page_level_css":"","site-sidebar-layout":"no-sidebar","site-content-layout":"page-builder","ast-site-content-layout":"full-width-container","site-content-style":"unboxed","site-sidebar-style":"unboxed","ast-global-header-display":"","ast-banner-title-visibility":"","ast-main-header-display":"","ast-hfb-above-header-display":"","ast-hfb-below-header-display":"","ast-hfb-mobile-header-display":"","site-post-title":"disabled","ast-breadcrumbs-content":"","ast-featured-img":"disabled","footer-sml-layout":"","theme-transparent-header-meta":"enabled","adv-header-id-meta":"","stick-header-meta":"","header-above-stick-meta":"","header-main-stick-meta":"","header-below-stick-meta":"","astra-migrate-meta-layouts":"set","ast-page-background-enabled":"default","ast-page-background-meta":{"desktop":{"background-color":"var(--ast-global-color-4)","background-image":"","background-repeat":"repeat","background-position":"center center","background-size":"auto","background-attachment":"scroll","background-type":"","background-media":"","overlay-type":"","overlay-color":"","overlay-gradient":""},"tablet":{"background-color":"","background-image":"","background-repeat":"repeat","background-position":"center center","background-size":"auto","background-attachment":"scroll","background-type":"","background-media":"","overlay-type":"","overlay-color":"","overlay-gradient":""},"mobile":{"background-color":"","background-image":"","background-repeat":"repeat","background-position":"center center","background-size":"auto","background-attachment":"scroll","background-type":"","background-media":"","overlay-type":"","overlay-color":"","overlay-gradient":""}},"ast-content-background-meta":{"desktop":{"background-color":"var(--ast-global-color-5)","background-image":"","background-repeat":"repeat","background-position":"center center","background-size":"auto","background-attachment":"scroll","background-type":"","background-media":"","overlay-type":"","overlay-color":"","overlay-gradient":""},"tablet":{"background-color":"var(--ast-global-color-5)","background-image":"","background-repeat":"repeat","background-position":"center center","background-size":"auto","background-attachment":"scroll","background-type":"","background-media":"","overlay-type":"","overlay-color":"","overlay-gradient":""},"mobile":{"background-color":"var(--ast-global-color-5)","background-image":"","background-repeat":"repeat","background-position":"center center","background-size":"auto","background-attachment":"scroll","background-type":"","background-media":"","overlay-type":"","overlay-color":"","overlay-gradient":""}},"_joinchat":[],"footnotes":""},"class_list":["post-1707","page","type-page","status-publish","hentry"],"yoast_head":"<!-- This site is optimized with the Yoast SEO plugin v22.7 - https:\/\/yoast.com\/wordpress\/plugins\/seo\/ -->\n<title>Educaci\u00f3n - Sayani Lat\u00edn America CRO<\/title>\n<meta name=\"robots\" content=\"index, follow, max-snippet:-1, max-image-preview:large, max-video-preview:-1\" \/>\n<link rel=\"canonical\" href=\"https:\/\/sayanibpo.com\/es\/education\/\" \/>\n<meta property=\"og:locale\" content=\"es_ES\" \/>\n<meta property=\"og:type\" content=\"article\" \/>\n<meta property=\"og:title\" content=\"Educaci\u00f3n - Sayani Lat\u00edn America CRO\" \/>\n<meta property=\"og:url\" content=\"https:\/\/sayanibpo.com\/es\/education\/\" \/>\n<meta property=\"og:site_name\" content=\"Sayani Lat\u00edn America CRO\" \/>\n<meta property=\"article:publisher\" content=\"https:\/\/www.facebook.com\/profile.php?id=100072038645631\" \/>\n<meta property=\"article:modified_time\" content=\"2025-04-29T06:39:00+00:00\" \/>\n<meta name=\"twitter:card\" content=\"summary_large_image\" \/>\n<meta name=\"twitter:site\" content=\"@CROSayani\" \/>\n<meta name=\"twitter:label1\" content=\"Est. reading time\" \/>\n\t<meta name=\"twitter:data1\" content=\"2 minutos\" \/>\n<script type=\"application\/ld+json\" class=\"yoast-schema-graph\">{\"@context\":\"https:\/\/schema.org\",\"@graph\":[{\"@type\":\"WebPage\",\"@id\":\"https:\/\/sayanibpo.com\/education\/\",\"url\":\"https:\/\/sayanibpo.com\/education\/\",\"name\":\"Educaci\u00f3n - Sayani Lat\u00edn America CRO\",\"isPartOf\":{\"@id\":\"https:\/\/sayanibpo.com\/es\/#website\"},\"datePublished\":\"2024-03-11T05:18:22+00:00\",\"dateModified\":\"2025-04-29T06:39:00+00:00\",\"breadcrumb\":{\"@id\":\"https:\/\/sayanibpo.com\/education\/#breadcrumb\"},\"inLanguage\":\"es-PE\",\"potentialAction\":[{\"@type\":\"ReadAction\",\"target\":[\"https:\/\/sayanibpo.com\/education\/\"]}]},{\"@type\":\"BreadcrumbList\",\"@id\":\"https:\/\/sayanibpo.com\/education\/#breadcrumb\",\"itemListElement\":[{\"@type\":\"ListItem\",\"position\":1,\"name\":\"Portada\",\"item\":\"https:\/\/sayanibpo.com\/\"},{\"@type\":\"ListItem\",\"position\":2,\"name\":\"Educaci\u00f3n\"}]},{\"@type\":\"WebSite\",\"@id\":\"https:\/\/sayanibpo.com\/es\/#website\",\"url\":\"https:\/\/sayanibpo.com\/es\/\",\"name\":\"Sayani Per\u00fa SRL\",\"description\":\"Empresa dedicada a la investigacion clinica\",\"publisher\":{\"@id\":\"https:\/\/sayanibpo.com\/es\/#organization\"},\"potentialAction\":[{\"@type\":\"SearchAction\",\"target\":{\"@type\":\"EntryPoint\",\"urlTemplate\":\"https:\/\/sayanibpo.com\/es\/?s={search_term_string}\"},\"query-input\":\"required name=search_term_string\"}],\"inLanguage\":\"es-PE\"},{\"@type\":\"Organization\",\"@id\":\"https:\/\/sayanibpo.com\/es\/#organization\",\"name\":\"Sayani Per\u00fa SRL\",\"url\":\"https:\/\/sayanibpo.com\/es\/\",\"logo\":{\"@type\":\"ImageObject\",\"inLanguage\":\"es-PE\",\"@id\":\"https:\/\/sayanibpo.com\/es\/#\/schema\/logo\/image\/\",\"url\":\"https:\/\/sayanibpo.com\/wp-content\/uploads\/2024\/03\/cropped-cropped-cropped-cropped-cropped-cropped-logo-transparente-e1710118968944-1-1-scaled.png\",\"contentUrl\":\"https:\/\/sayanibpo.com\/wp-content\/uploads\/2024\/03\/cropped-cropped-cropped-cropped-cropped-cropped-logo-transparente-e1710118968944-1-1-scaled.png\",\"width\":2560,\"height\":462,\"caption\":\"Sayani Per\u00fa SRL\"},\"image\":{\"@id\":\"https:\/\/sayanibpo.com\/es\/#\/schema\/logo\/image\/\"},\"sameAs\":[\"https:\/\/www.facebook.com\/profile.php?id=100072038645631\",\"https:\/\/x.com\/CROSayani\",\"https:\/\/www.linkedin.com\/company\/sayani-peru-s-r-l\/\"]}]}<\/script>\n<!-- \/ Yoast SEO plugin. -->","yoast_head_json":{"title":"Educaci\u00f3n - Sayani Lat\u00edn America CRO","robots":{"index":"index","follow":"follow","max-snippet":"max-snippet:-1","max-image-preview":"max-image-preview:large","max-video-preview":"max-video-preview:-1"},"canonical":"https:\/\/sayanibpo.com\/es\/education\/","og_locale":"es_ES","og_type":"article","og_title":"Educaci\u00f3n - Sayani Lat\u00edn America CRO","og_url":"https:\/\/sayanibpo.com\/es\/education\/","og_site_name":"Sayani Lat\u00edn America CRO","article_publisher":"https:\/\/www.facebook.com\/profile.php?id=100072038645631","article_modified_time":"2025-04-29T06:39:00+00:00","twitter_card":"summary_large_image","twitter_site":"@CROSayani","twitter_misc":{"Est. reading time":"2 minutos"},"schema":{"@context":"https:\/\/schema.org","@graph":[{"@type":"WebPage","@id":"https:\/\/sayanibpo.com\/education\/","url":"https:\/\/sayanibpo.com\/education\/","name":"Educaci\u00f3n - Sayani Lat\u00edn America CRO","isPartOf":{"@id":"https:\/\/sayanibpo.com\/es\/#website"},"datePublished":"2024-03-11T05:18:22+00:00","dateModified":"2025-04-29T06:39:00+00:00","breadcrumb":{"@id":"https:\/\/sayanibpo.com\/education\/#breadcrumb"},"inLanguage":"es-PE","potentialAction":[{"@type":"ReadAction","target":["https:\/\/sayanibpo.com\/education\/"]}]},{"@type":"BreadcrumbList","@id":"https:\/\/sayanibpo.com\/education\/#breadcrumb","itemListElement":[{"@type":"ListItem","position":1,"name":"Portada","item":"https:\/\/sayanibpo.com\/"},{"@type":"ListItem","position":2,"name":"Educaci\u00f3n"}]},{"@type":"WebSite","@id":"https:\/\/sayanibpo.com\/es\/#website","url":"https:\/\/sayanibpo.com\/es\/","name":"Sayani Per\u00fa SRL","description":"Empresa dedicada a la investigacion clinica","publisher":{"@id":"https:\/\/sayanibpo.com\/es\/#organization"},"potentialAction":[{"@type":"SearchAction","target":{"@type":"EntryPoint","urlTemplate":"https:\/\/sayanibpo.com\/es\/?s={search_term_string}"},"query-input":"required name=search_term_string"}],"inLanguage":"es-PE"},{"@type":"Organization","@id":"https:\/\/sayanibpo.com\/es\/#organization","name":"Sayani Per\u00fa SRL","url":"https:\/\/sayanibpo.com\/es\/","logo":{"@type":"ImageObject","inLanguage":"es-PE","@id":"https:\/\/sayanibpo.com\/es\/#\/schema\/logo\/image\/","url":"https:\/\/sayanibpo.com\/wp-content\/uploads\/2024\/03\/cropped-cropped-cropped-cropped-cropped-cropped-logo-transparente-e1710118968944-1-1-scaled.png","contentUrl":"https:\/\/sayanibpo.com\/wp-content\/uploads\/2024\/03\/cropped-cropped-cropped-cropped-cropped-cropped-logo-transparente-e1710118968944-1-1-scaled.png","width":2560,"height":462,"caption":"Sayani Per\u00fa SRL"},"image":{"@id":"https:\/\/sayanibpo.com\/es\/#\/schema\/logo\/image\/"},"sameAs":["https:\/\/www.facebook.com\/profile.php?id=100072038645631","https:\/\/x.com\/CROSayani","https:\/\/www.linkedin.com\/company\/sayani-peru-s-r-l\/"]}]}},"uagb_featured_image_src":{"full":false,"thumbnail":false,"medium":false,"medium_large":false,"large":false,"1536x1536":false,"2048x2048":false,"trp-custom-language-flag":false},"uagb_author_info":{"display_name":"sayaniperu","author_link":"https:\/\/sayanibpo.com\/es\/author\/sayaniperu\/"},"uagb_comment_info":0,"uagb_excerpt":null,"_links":{"self":[{"href":"https:\/\/sayanibpo.com\/es\/wp-json\/wp\/v2\/pages\/1707","targetHints":{"allow":["GET"]}}],"collection":[{"href":"https:\/\/sayanibpo.com\/es\/wp-json\/wp\/v2\/pages"}],"about":[{"href":"https:\/\/sayanibpo.com\/es\/wp-json\/wp\/v2\/types\/page"}],"author":[{"embeddable":true,"href":"https:\/\/sayanibpo.com\/es\/wp-json\/wp\/v2\/users\/1"}],"replies":[{"embeddable":true,"href":"https:\/\/sayanibpo.com\/es\/wp-json\/wp\/v2\/comments?post=1707"}],"version-history":[{"count":44,"href":"https:\/\/sayanibpo.com\/es\/wp-json\/wp\/v2\/pages\/1707\/revisions"}],"predecessor-version":[{"id":2650,"href":"https:\/\/sayanibpo.com\/es\/wp-json\/wp\/v2\/pages\/1707\/revisions\/2650"}],"wp:attachment":[{"href":"https:\/\/sayanibpo.com\/es\/wp-json\/wp\/v2\/media?parent=1707"}],"curies":[{"name":"wp","href":"https:\/\/api.w.org\/{rel}","templated":true}]}}