{"id":1693,"date":"2024-03-11T05:10:00","date_gmt":"2024-03-11T05:10:00","guid":{"rendered":"https:\/\/sayanibpo.com\/?page_id=1693"},"modified":"2024-04-28T23:45:15","modified_gmt":"2024-04-28T23:45:15","slug":"inicio","status":"publish","type":"page","link":"https:\/\/sayanibpo.com\/es\/inicio\/","title":{"rendered":"Inicio"},"content":{"rendered":"<h2>Sayani Per\u00fa S.R.L.<\/h2>\n<h2>Potenciando Innovaciones en Salud<\/h2>\n<h2>Nuestros Servicios<\/h2>\n<p>\t\t\t\t\t\t\t\t\t\t\t\t\t<img loading=\"lazy\" decoding=\"async\" width=\"150\" height=\"150\" src=\"https:\/\/sayanibpo.com\/wp-content\/uploads\/2024\/03\/1factibilidad-150x150.jpg\" alt=\"\" srcset=\"https:\/\/sayanibpo.com\/wp-content\/uploads\/2024\/03\/1factibilidad-150x150.jpg 150w, https:\/\/sayanibpo.com\/wp-content\/uploads\/2024\/03\/1factibilidad-300x300.jpg 300w, https:\/\/sayanibpo.com\/wp-content\/uploads\/2024\/03\/1factibilidad.jpg 698w\" sizes=\"auto, (max-width: 150px) 100vw, 150px\" \/>\t\t\t\t\t\t\t\t\t\t\t\t\t<\/p>\n<p>Factibilidad<\/p>\n<p>\t\t\t\t\t\t\t\t\t\t\t\t\t<img loading=\"lazy\" decoding=\"async\" width=\"150\" height=\"150\" src=\"https:\/\/sayanibpo.com\/wp-content\/uploads\/2024\/03\/2Project-Management-150x150.jpg\" alt=\"\" srcset=\"https:\/\/sayanibpo.com\/wp-content\/uploads\/2024\/03\/2Project-Management-150x150.jpg 150w, https:\/\/sayanibpo.com\/wp-content\/uploads\/2024\/03\/2Project-Management-300x300.jpg 300w, https:\/\/sayanibpo.com\/wp-content\/uploads\/2024\/03\/2Project-Management.jpg 692w\" sizes=\"auto, (max-width: 150px) 100vw, 150px\" \/>\t\t\t\t\t\t\t\t\t\t\t\t\t<\/p>\n<p>Gerenciamiento de Proyectos<\/p>\n<p>\t\t\t\t\t\t\t\t\t\t\t\t\t<img loading=\"lazy\" decoding=\"async\" width=\"150\" height=\"150\" src=\"https:\/\/sayanibpo.com\/wp-content\/uploads\/2024\/03\/3monitoreo-150x150.jpg\" alt=\"\" srcset=\"https:\/\/sayanibpo.com\/wp-content\/uploads\/2024\/03\/3monitoreo-150x150.jpg 150w, https:\/\/sayanibpo.com\/wp-content\/uploads\/2024\/03\/3monitoreo-300x300.jpg 300w, https:\/\/sayanibpo.com\/wp-content\/uploads\/2024\/03\/3monitoreo.jpg 750w\" sizes=\"auto, (max-width: 150px) 100vw, 150px\" \/>\t\t\t\t\t\t\t\t\t\t\t\t\t<\/p>\n<p>Monitoreo<\/p>\n<p>\t\t\t\t\t\t\t\t\t\t\t\t\t<img loading=\"lazy\" decoding=\"async\" width=\"150\" height=\"150\" src=\"https:\/\/sayanibpo.com\/wp-content\/uploads\/2024\/03\/4-regulatorio-150x150.jpg\" alt=\"\" srcset=\"https:\/\/sayanibpo.com\/wp-content\/uploads\/2024\/03\/4-regulatorio-150x150.jpg 150w, https:\/\/sayanibpo.com\/wp-content\/uploads\/2024\/03\/4-regulatorio-300x300.jpg 300w, https:\/\/sayanibpo.com\/wp-content\/uploads\/2024\/03\/4-regulatorio-768x768.jpg 768w, https:\/\/sayanibpo.com\/wp-content\/uploads\/2024\/03\/4-regulatorio.jpg 1024w\" sizes=\"auto, (max-width: 150px) 100vw, 150px\" \/>\t\t\t\t\t\t\t\t\t\t\t\t\t<\/p>\n<p>Regulatorio<\/p>\n<p>\t\t\t\t\t\t\t\t\t\t\t\t\t<img loading=\"lazy\" decoding=\"async\" width=\"150\" height=\"150\" src=\"https:\/\/sayanibpo.com\/wp-content\/uploads\/2024\/03\/5-farmacovigilancia-150x150.jpg\" alt=\"\" srcset=\"https:\/\/sayanibpo.com\/wp-content\/uploads\/2024\/03\/5-farmacovigilancia-150x150.jpg 150w, https:\/\/sayanibpo.com\/wp-content\/uploads\/2024\/03\/5-farmacovigilancia-300x300.jpg 300w, https:\/\/sayanibpo.com\/wp-content\/uploads\/2024\/03\/5-farmacovigilancia-768x768.jpg 768w, https:\/\/sayanibpo.com\/wp-content\/uploads\/2024\/03\/5-farmacovigilancia.jpg 1024w\" sizes=\"auto, (max-width: 150px) 100vw, 150px\" \/>\t\t\t\t\t\t\t\t\t\t\t\t\t<\/p>\n<p>Farmacovigilancia<\/p>\n<p>\t\t\t\t\t\t\t\t\t\t\t\t\t<img loading=\"lazy\" decoding=\"async\" width=\"150\" height=\"150\" src=\"https:\/\/sayanibpo.com\/wp-content\/uploads\/2024\/03\/6-In-sourcing-150x150.jpg\" alt=\"\" srcset=\"https:\/\/sayanibpo.com\/wp-content\/uploads\/2024\/03\/6-In-sourcing-150x150.jpg 150w, https:\/\/sayanibpo.com\/wp-content\/uploads\/2024\/03\/6-In-sourcing-300x300.jpg 300w, https:\/\/sayanibpo.com\/wp-content\/uploads\/2024\/03\/6-In-sourcing-768x768.jpg 768w, https:\/\/sayanibpo.com\/wp-content\/uploads\/2024\/03\/6-In-sourcing.jpg 1024w\" sizes=\"auto, (max-width: 150px) 100vw, 150px\" \/>\t\t\t\t\t\t\t\t\t\t\t\t\t<\/p>\n<p>In-Sourcing<\/p>\n<p>\t\t\t\t\t\t\t\t\t\t\t\t\t<img loading=\"lazy\" decoding=\"async\" width=\"150\" height=\"150\" src=\"https:\/\/sayanibpo.com\/wp-content\/uploads\/2024\/03\/7sistema-de-gestion-de-calidad-150x150.jpg\" alt=\"\" srcset=\"https:\/\/sayanibpo.com\/wp-content\/uploads\/2024\/03\/7sistema-de-gestion-de-calidad-150x150.jpg 150w, https:\/\/sayanibpo.com\/wp-content\/uploads\/2024\/03\/7sistema-de-gestion-de-calidad-300x300.jpg 300w, https:\/\/sayanibpo.com\/wp-content\/uploads\/2024\/03\/7sistema-de-gestion-de-calidad-768x768.jpg 768w, https:\/\/sayanibpo.com\/wp-content\/uploads\/2024\/03\/7sistema-de-gestion-de-calidad.jpg 1024w\" sizes=\"auto, (max-width: 150px) 100vw, 150px\" \/>\t\t\t\t\t\t\t\t\t\t\t\t\t<\/p>\n<p>Soporte en Calidad<\/p>\n<p>\t\t\t\t\t\t\t\t\t\t\t\t\t<img loading=\"lazy\" decoding=\"async\" width=\"150\" height=\"150\" src=\"https:\/\/sayanibpo.com\/wp-content\/uploads\/2024\/03\/8-soporte-de-centros-150x150.jpg\" alt=\"\" srcset=\"https:\/\/sayanibpo.com\/wp-content\/uploads\/2024\/03\/8-soporte-de-centros-150x150.jpg 150w, https:\/\/sayanibpo.com\/wp-content\/uploads\/2024\/03\/8-soporte-de-centros-300x300.jpg 300w, https:\/\/sayanibpo.com\/wp-content\/uploads\/2024\/03\/8-soporte-de-centros-768x768.jpg 768w, https:\/\/sayanibpo.com\/wp-content\/uploads\/2024\/03\/8-soporte-de-centros.jpg 1024w\" sizes=\"auto, (max-width: 150px) 100vw, 150px\" \/>\t\t\t\t\t\t\t\t\t\t\t\t\t<\/p>\n<p>Soporte de Centros<\/p>\n<p>\t\t\t<a href=\"https:\/\/sayanibpo.com\/services\/\"><br \/>\n\t\t\t\t\t\tMas Informaci\u00f3n<br \/>\n\t\t\t\t\t<\/a><br \/>\n\t\t\t<a href=\"https:\/\/sayanibpo.com\/about-us\/\"><br \/>\n\t\t\t\t\t\tMas sobre nosotros<br \/>\n\t\t\t\t\t<\/a><\/p>\n<ul>\n<li>Sayani se destaca como una Organizaci\u00f3n de Investigaci\u00f3n Cl\u00ednica por Contrato l\u00edder en su campo, desde su fundaci\u00f3n en 2008. Nuestro enfoque se centra en proporcionar servicios de consultor\u00eda de alta calidad a la industria farmac\u00e9utica a nivel nacional e internacional, as\u00ed como a empresas de biotecnolog\u00eda. Nos enorgullece ser un catalizador del progreso en el desarrollo de medicamentos y dispositivos m\u00e9dicos, manteniendo siempre un compromiso firme con los m\u00e1s elevados est\u00e1ndares de calidad en cada etapa del proceso.<\/li>\n<li>Lo que nos distingue es la vasta experiencia y la excepcional competencia de nuestro equipo profesional multidisciplinario. Nuestros expertos, con una combinaci\u00f3n \u00fanica de conocimientos y habilidades, aportan d\u00e9cadas de experiencia tanto en el \u00e1mbito nacional como internacional. Estamos comprometidos con la formaci\u00f3n continua y el desarrollo profesional de nuestro equipo, asegurando que est\u00e9n al d\u00eda con los \u00faltimos avances y mejores pr\u00e1cticas en el campo de la investigaci\u00f3n cl\u00ednica.<\/li>\n<li>Adem\u00e1s, en Sayani reconocemos la importancia del uso de tecnolog\u00eda innovadora para optimizar nuestros procesos y mejorar la eficiencia en la entrega de nuestros servicios. Implementamos soluciones tecnol\u00f3gicas de vanguardia que nos permiten gestionar eficazmente los datos del estudio, realizar an\u00e1lisis avanzados y colaborar de manera eficiente con nuestros clientes y colaboradores en todo el mundo. Estamos comprometidos con la integraci\u00f3n de tecnolog\u00edas emergentes, como la inteligencia artificial y el aprendizaje autom\u00e1tico, para mejorar a\u00fan m\u00e1s la calidad y el impacto de nuestra labor.<\/li>\n<li>Nuestra creaci\u00f3n responde a una necesidad creciente en la regi\u00f3n de contar con servicios especializados que ofrezcan soluciones integrales a un costo razonable y justo. Para lograrlo, combinamos la experiencia de nuestro equipo con una s\u00f3lida presencia local y regional en Latinoam\u00e9rica, gracias a nuestras estrat\u00e9gicas alianzas con l\u00edderes del sector.<\/li>\n<li>En Sayani, estamos comprometidos con la mejora continua y la excelencia en todo lo que hacemos. Buscamos ser un referente de calidad y confiabilidad en la industria, contribuyendo de manera significativa al avance de la salud y la calidad de vida de las personas en nuestra sociedad y m\u00e1s all\u00e1<\/li>\n<\/ul>\n<h2>Nuestros Valores<\/h2>\n<p>\t\t\t\t\t\t\t\t\t\t\t\t\t<img loading=\"lazy\" decoding=\"async\" width=\"150\" height=\"150\" src=\"https:\/\/sayanibpo.com\/wp-content\/uploads\/2024\/03\/1-respeto-sayani-150x150.png\" alt=\"\" srcset=\"https:\/\/sayanibpo.com\/wp-content\/uploads\/2024\/03\/1-respeto-sayani-150x150.png 150w, https:\/\/sayanibpo.com\/wp-content\/uploads\/2024\/03\/1-respeto-sayani-300x300.png 300w, https:\/\/sayanibpo.com\/wp-content\/uploads\/2024\/03\/1-respeto-sayani.png 600w\" sizes=\"auto, (max-width: 150px) 100vw, 150px\" \/>\t\t\t\t\t\t\t\t\t\t\t\t\t<\/p>\n<p>Respeto por la vida<\/p>\n<p>\t\t\t\t\t\t\t\t\t\t\t\t\t<img loading=\"lazy\" decoding=\"async\" width=\"150\" height=\"150\" src=\"https:\/\/sayanibpo.com\/wp-content\/uploads\/2024\/03\/2-integridad-150x150.png\" alt=\"\" srcset=\"https:\/\/sayanibpo.com\/wp-content\/uploads\/2024\/03\/2-integridad-150x150.png 150w, https:\/\/sayanibpo.com\/wp-content\/uploads\/2024\/03\/2-integridad-300x300.png 300w, https:\/\/sayanibpo.com\/wp-content\/uploads\/2024\/03\/2-integridad.png 600w\" sizes=\"auto, (max-width: 150px) 100vw, 150px\" \/>\t\t\t\t\t\t\t\t\t\t\t\t\t<\/p>\n<p>Integridad<\/p>\n<p>\t\t\t\t\t\t\t\t\t\t\t\t\t<img loading=\"lazy\" decoding=\"async\" width=\"150\" height=\"150\" src=\"https:\/\/sayanibpo.com\/wp-content\/uploads\/2024\/03\/3-foco-en-el-cliente-150x150.png\" alt=\"\" srcset=\"https:\/\/sayanibpo.com\/wp-content\/uploads\/2024\/03\/3-foco-en-el-cliente-150x150.png 150w, https:\/\/sayanibpo.com\/wp-content\/uploads\/2024\/03\/3-foco-en-el-cliente-300x300.png 300w, https:\/\/sayanibpo.com\/wp-content\/uploads\/2024\/03\/3-foco-en-el-cliente.png 600w\" sizes=\"auto, (max-width: 150px) 100vw, 150px\" \/>\t\t\t\t\t\t\t\t\t\t\t\t\t<\/p>\n<p>Foco en el cliente<\/p>\n<p>\t\t\t\t\t\t\t\t\t\t\t\t\t<img loading=\"lazy\" decoding=\"async\" width=\"150\" height=\"150\" src=\"https:\/\/sayanibpo.com\/wp-content\/uploads\/2024\/03\/4-calidad-150x150.png\" alt=\"\" srcset=\"https:\/\/sayanibpo.com\/wp-content\/uploads\/2024\/03\/4-calidad-150x150.png 150w, https:\/\/sayanibpo.com\/wp-content\/uploads\/2024\/03\/4-calidad-300x300.png 300w, https:\/\/sayanibpo.com\/wp-content\/uploads\/2024\/03\/4-calidad.png 600w\" sizes=\"auto, (max-width: 150px) 100vw, 150px\" \/>\t\t\t\t\t\t\t\t\t\t\t\t\t<\/p>\n<p>Calidad<\/p>\n<p>\t\t\t\t\t\t\t\t\t\t\t\t\t<img loading=\"lazy\" decoding=\"async\" width=\"150\" height=\"150\" src=\"https:\/\/sayanibpo.com\/wp-content\/uploads\/2024\/03\/5-trabajo-en-equipo-150x150.png\" alt=\"\" srcset=\"https:\/\/sayanibpo.com\/wp-content\/uploads\/2024\/03\/5-trabajo-en-equipo-150x150.png 150w, https:\/\/sayanibpo.com\/wp-content\/uploads\/2024\/03\/5-trabajo-en-equipo-300x300.png 300w, https:\/\/sayanibpo.com\/wp-content\/uploads\/2024\/03\/5-trabajo-en-equipo-12x12.png 12w, https:\/\/sayanibpo.com\/wp-content\/uploads\/2024\/03\/5-trabajo-en-equipo-180x180.png 180w, https:\/\/sayanibpo.com\/wp-content\/uploads\/2024\/03\/5-trabajo-en-equipo.png 600w\" sizes=\"auto, (max-width: 150px) 100vw, 150px\" \/>\t\t\t\t\t\t\t\t\t\t\t\t\t<\/p>\n<p>Trabajo en equipo<\/p>\n<p>\t\t\t<a href=\"https:\/\/sayanibpo.com\/about-us\/\"><br \/>\n\t\t\t\t\t\tMas Informaci\u00f3n<br \/>\n\t\t\t\t\t<\/a><\/p>\n","protected":false},"excerpt":{"rendered":"<p>Sayani Per\u00fa S.R.L. Potenciando Innovaciones en Salud Nuestros Servicios Factibilidad Gerenciamiento de Proyectos Monitoreo Regulatorio Farmacovigilancia In-Sourcing Soporte en Calidad Soporte de Centros Mas Informaci\u00f3n Mas sobre nosotros Sayani se destaca como una Organizaci\u00f3n de Investigaci\u00f3n Cl\u00ednica por Contrato l\u00edder en su campo, desde su fundaci\u00f3n en 2008. Nuestro enfoque se centra en proporcionar servicios [&hellip;]<\/p>\n","protected":false},"author":1,"featured_media":0,"parent":0,"menu_order":0,"comment_status":"closed","ping_status":"closed","template":"","meta":{"_uag_custom_page_level_css":"","site-sidebar-layout":"no-sidebar","site-content-layout":"page-builder","ast-site-content-layout":"full-width-container","site-content-style":"unboxed","site-sidebar-style":"unboxed","ast-global-header-display":"","ast-banner-title-visibility":"","ast-main-header-display":"","ast-hfb-above-header-display":"","ast-hfb-below-header-display":"","ast-hfb-mobile-header-display":"","site-post-title":"disabled","ast-breadcrumbs-content":"","ast-featured-img":"disabled","footer-sml-layout":"","theme-transparent-header-meta":"disabled","adv-header-id-meta":"","stick-header-meta":"","header-above-stick-meta":"","header-main-stick-meta":"","header-below-stick-meta":"","astra-migrate-meta-layouts":"set","ast-page-background-enabled":"default","ast-page-background-meta":{"desktop":{"background-color":"var(--ast-global-color-4)","background-image":"","background-repeat":"repeat","background-position":"center center","background-size":"auto","background-attachment":"scroll","background-type":"","background-media":"","overlay-type":"","overlay-color":"","overlay-gradient":""},"tablet":{"background-color":"","background-image":"","background-repeat":"repeat","background-position":"center center","background-size":"auto","background-attachment":"scroll","background-type":"","background-media":"","overlay-type":"","overlay-color":"","overlay-gradient":""},"mobile":{"background-color":"","background-image":"","background-repeat":"repeat","background-position":"center center","background-size":"auto","background-attachment":"scroll","background-type":"","background-media":"","overlay-type":"","overlay-color":"","overlay-gradient":""}},"ast-content-background-meta":{"desktop":{"background-color":"var(--ast-global-color-5)","background-image":"","background-repeat":"repeat","background-position":"center center","background-size":"auto","background-attachment":"scroll","background-type":"","background-media":"","overlay-type":"","overlay-color":"","overlay-gradient":""},"tablet":{"background-color":"var(--ast-global-color-5)","background-image":"","background-repeat":"repeat","background-position":"center center","background-size":"auto","background-attachment":"scroll","background-type":"","background-media":"","overlay-type":"","overlay-color":"","overlay-gradient":""},"mobile":{"background-color":"var(--ast-global-color-5)","background-image":"","background-repeat":"repeat","background-position":"center center","background-size":"auto","background-attachment":"scroll","background-type":"","background-media":"","overlay-type":"","overlay-color":"","overlay-gradient":""}},"_joinchat":[],"footnotes":""},"class_list":["post-1693","page","type-page","status-publish","hentry"],"yoast_head":"<!-- This site is optimized with the Yoast SEO plugin v22.7 - https:\/\/yoast.com\/wordpress\/plugins\/seo\/ -->\n<title>Inicio - Sayani Lat\u00edn America CRO<\/title>\n<meta name=\"description\" content=\"Sayani Per\u00fa S.R.L | Somos una organizacion de Investigacion dedicada a proveer la mejor soluci\u00f3n.\" \/>\n<meta name=\"robots\" content=\"index, follow, max-snippet:-1, max-image-preview:large, max-video-preview:-1\" \/>\n<link rel=\"canonical\" href=\"https:\/\/sayanibpo.com\/es\/inicio\/\" \/>\n<meta property=\"og:locale\" content=\"es_ES\" \/>\n<meta property=\"og:type\" content=\"article\" \/>\n<meta property=\"og:title\" content=\"Inicio - Sayani Lat\u00edn America CRO\" \/>\n<meta property=\"og:description\" content=\"Sayani Per\u00fa S.R.L | Somos una organizacion de Investigacion dedicada a proveer la mejor soluci\u00f3n.\" \/>\n<meta property=\"og:url\" content=\"https:\/\/sayanibpo.com\/es\/inicio\/\" \/>\n<meta property=\"og:site_name\" content=\"Sayani Lat\u00edn America CRO\" \/>\n<meta property=\"article:publisher\" content=\"https:\/\/www.facebook.com\/profile.php?id=100072038645631\" \/>\n<meta property=\"article:modified_time\" content=\"2024-04-28T23:45:15+00:00\" \/>\n<meta property=\"og:image\" content=\"https:\/\/sayanibpo.com\/wp-content\/uploads\/2024\/03\/1factibilidad-150x150.jpg\" \/>\n<meta name=\"twitter:card\" content=\"summary_large_image\" \/>\n<meta name=\"twitter:site\" content=\"@CROSayani\" \/>\n<meta name=\"twitter:label1\" content=\"Est. reading time\" \/>\n\t<meta name=\"twitter:data1\" content=\"5 minutos\" \/>\n<script type=\"application\/ld+json\" class=\"yoast-schema-graph\">{\"@context\":\"https:\/\/schema.org\",\"@graph\":[{\"@type\":\"WebPage\",\"@id\":\"https:\/\/sayanibpo.com\/inicio\/\",\"url\":\"https:\/\/sayanibpo.com\/inicio\/\",\"name\":\"Inicio - Sayani Lat\u00edn America CRO\",\"isPartOf\":{\"@id\":\"https:\/\/sayanibpo.com\/es\/#website\"},\"primaryImageOfPage\":{\"@id\":\"https:\/\/sayanibpo.com\/inicio\/#primaryimage\"},\"image\":{\"@id\":\"https:\/\/sayanibpo.com\/inicio\/#primaryimage\"},\"thumbnailUrl\":\"https:\/\/sayanibpo.com\/wp-content\/uploads\/2024\/03\/1factibilidad-150x150.jpg\",\"datePublished\":\"2024-03-11T05:10:00+00:00\",\"dateModified\":\"2024-04-28T23:45:15+00:00\",\"description\":\"Sayani Per\u00fa S.R.L | Somos una organizacion de Investigacion dedicada a proveer la mejor soluci\u00f3n.\",\"breadcrumb\":{\"@id\":\"https:\/\/sayanibpo.com\/inicio\/#breadcrumb\"},\"inLanguage\":\"es-PE\",\"potentialAction\":[{\"@type\":\"ReadAction\",\"target\":[\"https:\/\/sayanibpo.com\/inicio\/\"]}]},{\"@type\":\"ImageObject\",\"inLanguage\":\"es-PE\",\"@id\":\"https:\/\/sayanibpo.com\/inicio\/#primaryimage\",\"url\":\"https:\/\/sayanibpo.com\/wp-content\/uploads\/2024\/03\/1factibilidad-150x150.jpg\",\"contentUrl\":\"https:\/\/sayanibpo.com\/wp-content\/uploads\/2024\/03\/1factibilidad-150x150.jpg\"},{\"@type\":\"BreadcrumbList\",\"@id\":\"https:\/\/sayanibpo.com\/inicio\/#breadcrumb\",\"itemListElement\":[{\"@type\":\"ListItem\",\"position\":1,\"name\":\"Portada\",\"item\":\"https:\/\/sayanibpo.com\/\"},{\"@type\":\"ListItem\",\"position\":2,\"name\":\"Inicio\"}]},{\"@type\":\"WebSite\",\"@id\":\"https:\/\/sayanibpo.com\/es\/#website\",\"url\":\"https:\/\/sayanibpo.com\/es\/\",\"name\":\"Sayani Per\u00fa SRL\",\"description\":\"Empresa dedicada a la investigacion clinica\",\"publisher\":{\"@id\":\"https:\/\/sayanibpo.com\/es\/#organization\"},\"potentialAction\":[{\"@type\":\"SearchAction\",\"target\":{\"@type\":\"EntryPoint\",\"urlTemplate\":\"https:\/\/sayanibpo.com\/es\/?s={search_term_string}\"},\"query-input\":\"required name=search_term_string\"}],\"inLanguage\":\"es-PE\"},{\"@type\":\"Organization\",\"@id\":\"https:\/\/sayanibpo.com\/es\/#organization\",\"name\":\"Sayani Per\u00fa SRL\",\"url\":\"https:\/\/sayanibpo.com\/es\/\",\"logo\":{\"@type\":\"ImageObject\",\"inLanguage\":\"es-PE\",\"@id\":\"https:\/\/sayanibpo.com\/es\/#\/schema\/logo\/image\/\",\"url\":\"https:\/\/sayanibpo.com\/wp-content\/uploads\/2024\/03\/cropped-cropped-cropped-cropped-cropped-cropped-logo-transparente-e1710118968944-1-1-scaled.png\",\"contentUrl\":\"https:\/\/sayanibpo.com\/wp-content\/uploads\/2024\/03\/cropped-cropped-cropped-cropped-cropped-cropped-logo-transparente-e1710118968944-1-1-scaled.png\",\"width\":2560,\"height\":462,\"caption\":\"Sayani Per\u00fa SRL\"},\"image\":{\"@id\":\"https:\/\/sayanibpo.com\/es\/#\/schema\/logo\/image\/\"},\"sameAs\":[\"https:\/\/www.facebook.com\/profile.php?id=100072038645631\",\"https:\/\/x.com\/CROSayani\",\"https:\/\/www.linkedin.com\/company\/sayani-peru-s-r-l\/\"]}]}<\/script>\n<!-- \/ Yoast SEO plugin. -->","yoast_head_json":{"title":"Inicio - Sayani Lat\u00edn America CRO","description":"Sayani Per\u00fa S.R.L | Somos una organizacion de Investigacion dedicada a proveer la mejor soluci\u00f3n.","robots":{"index":"index","follow":"follow","max-snippet":"max-snippet:-1","max-image-preview":"max-image-preview:large","max-video-preview":"max-video-preview:-1"},"canonical":"https:\/\/sayanibpo.com\/es\/inicio\/","og_locale":"es_ES","og_type":"article","og_title":"Inicio - Sayani Lat\u00edn America CRO","og_description":"Sayani Per\u00fa S.R.L | Somos una organizacion de Investigacion dedicada a proveer la mejor soluci\u00f3n.","og_url":"https:\/\/sayanibpo.com\/es\/inicio\/","og_site_name":"Sayani Lat\u00edn America CRO","article_publisher":"https:\/\/www.facebook.com\/profile.php?id=100072038645631","article_modified_time":"2024-04-28T23:45:15+00:00","og_image":[{"url":"https:\/\/sayanibpo.com\/wp-content\/uploads\/2024\/03\/1factibilidad-150x150.jpg"}],"twitter_card":"summary_large_image","twitter_site":"@CROSayani","twitter_misc":{"Est. reading time":"5 minutos"},"schema":{"@context":"https:\/\/schema.org","@graph":[{"@type":"WebPage","@id":"https:\/\/sayanibpo.com\/inicio\/","url":"https:\/\/sayanibpo.com\/inicio\/","name":"Inicio - Sayani Lat\u00edn America CRO","isPartOf":{"@id":"https:\/\/sayanibpo.com\/es\/#website"},"primaryImageOfPage":{"@id":"https:\/\/sayanibpo.com\/inicio\/#primaryimage"},"image":{"@id":"https:\/\/sayanibpo.com\/inicio\/#primaryimage"},"thumbnailUrl":"https:\/\/sayanibpo.com\/wp-content\/uploads\/2024\/03\/1factibilidad-150x150.jpg","datePublished":"2024-03-11T05:10:00+00:00","dateModified":"2024-04-28T23:45:15+00:00","description":"Sayani Per\u00fa S.R.L | Somos una organizacion de Investigacion dedicada a proveer la mejor soluci\u00f3n.","breadcrumb":{"@id":"https:\/\/sayanibpo.com\/inicio\/#breadcrumb"},"inLanguage":"es-PE","potentialAction":[{"@type":"ReadAction","target":["https:\/\/sayanibpo.com\/inicio\/"]}]},{"@type":"ImageObject","inLanguage":"es-PE","@id":"https:\/\/sayanibpo.com\/inicio\/#primaryimage","url":"https:\/\/sayanibpo.com\/wp-content\/uploads\/2024\/03\/1factibilidad-150x150.jpg","contentUrl":"https:\/\/sayanibpo.com\/wp-content\/uploads\/2024\/03\/1factibilidad-150x150.jpg"},{"@type":"BreadcrumbList","@id":"https:\/\/sayanibpo.com\/inicio\/#breadcrumb","itemListElement":[{"@type":"ListItem","position":1,"name":"Portada","item":"https:\/\/sayanibpo.com\/"},{"@type":"ListItem","position":2,"name":"Inicio"}]},{"@type":"WebSite","@id":"https:\/\/sayanibpo.com\/es\/#website","url":"https:\/\/sayanibpo.com\/es\/","name":"Sayani Per\u00fa SRL","description":"Empresa dedicada a la investigacion clinica","publisher":{"@id":"https:\/\/sayanibpo.com\/es\/#organization"},"potentialAction":[{"@type":"SearchAction","target":{"@type":"EntryPoint","urlTemplate":"https:\/\/sayanibpo.com\/es\/?s={search_term_string}"},"query-input":"required name=search_term_string"}],"inLanguage":"es-PE"},{"@type":"Organization","@id":"https:\/\/sayanibpo.com\/es\/#organization","name":"Sayani Per\u00fa SRL","url":"https:\/\/sayanibpo.com\/es\/","logo":{"@type":"ImageObject","inLanguage":"es-PE","@id":"https:\/\/sayanibpo.com\/es\/#\/schema\/logo\/image\/","url":"https:\/\/sayanibpo.com\/wp-content\/uploads\/2024\/03\/cropped-cropped-cropped-cropped-cropped-cropped-logo-transparente-e1710118968944-1-1-scaled.png","contentUrl":"https:\/\/sayanibpo.com\/wp-content\/uploads\/2024\/03\/cropped-cropped-cropped-cropped-cropped-cropped-logo-transparente-e1710118968944-1-1-scaled.png","width":2560,"height":462,"caption":"Sayani Per\u00fa SRL"},"image":{"@id":"https:\/\/sayanibpo.com\/es\/#\/schema\/logo\/image\/"},"sameAs":["https:\/\/www.facebook.com\/profile.php?id=100072038645631","https:\/\/x.com\/CROSayani","https:\/\/www.linkedin.com\/company\/sayani-peru-s-r-l\/"]}]}},"uagb_featured_image_src":{"full":false,"thumbnail":false,"medium":false,"medium_large":false,"large":false,"1536x1536":false,"2048x2048":false,"trp-custom-language-flag":false},"uagb_author_info":{"display_name":"sayaniperu","author_link":"https:\/\/sayanibpo.com\/es\/author\/sayaniperu\/"},"uagb_comment_info":0,"uagb_excerpt":"Sayani Per\u00fa S.R.L. Potenciando Innovaciones en Salud Nuestros Servicios Factibilidad Gerenciamiento de Proyectos Monitoreo Regulatorio Farmacovigilancia In-Sourcing Soporte en Calidad Soporte de Centros Mas Informaci\u00f3n Mas sobre nosotros Sayani se destaca como una Organizaci\u00f3n de Investigaci\u00f3n Cl\u00ednica por Contrato l\u00edder en su campo, desde su fundaci\u00f3n en 2008. Nuestro enfoque se centra en proporcionar servicios&hellip;","_links":{"self":[{"href":"https:\/\/sayanibpo.com\/es\/wp-json\/wp\/v2\/pages\/1693","targetHints":{"allow":["GET"]}}],"collection":[{"href":"https:\/\/sayanibpo.com\/es\/wp-json\/wp\/v2\/pages"}],"about":[{"href":"https:\/\/sayanibpo.com\/es\/wp-json\/wp\/v2\/types\/page"}],"author":[{"embeddable":true,"href":"https:\/\/sayanibpo.com\/es\/wp-json\/wp\/v2\/users\/1"}],"replies":[{"embeddable":true,"href":"https:\/\/sayanibpo.com\/es\/wp-json\/wp\/v2\/comments?post=1693"}],"version-history":[{"count":56,"href":"https:\/\/sayanibpo.com\/es\/wp-json\/wp\/v2\/pages\/1693\/revisions"}],"predecessor-version":[{"id":2094,"href":"https:\/\/sayanibpo.com\/es\/wp-json\/wp\/v2\/pages\/1693\/revisions\/2094"}],"wp:attachment":[{"href":"https:\/\/sayanibpo.com\/es\/wp-json\/wp\/v2\/media?parent=1693"}],"curies":[{"name":"wp","href":"https:\/\/api.w.org\/{rel}","templated":true}]}}